{"id":1958,"date":"2012-07-12T09:41:27","date_gmt":"2012-07-12T07:41:27","guid":{"rendered":"http:\/\/www.gfs-umweltausschuss.de\/?page_id=1958"},"modified":"2021-02-05T23:14:50","modified_gmt":"2021-02-05T21:14:50","slug":"thema-plastikmull","status":"publish","type":"page","link":"https:\/\/www.gfs-umweltausschuss.de\/?page_id=1958","title":{"rendered":"Thema &#8222;Plastikm\u00fcll&#8220;"},"content":{"rendered":"<p><strong>Jede Sekunde (!) landen etwas 700 Kilogramm Plastikm\u00fcll in unseren Ozeanen<\/strong> (2018, EU-Kommision). Die sogenannten M\u00fcllstrudel in den Meeren haben mittlerweile die Gr\u00f6\u00dfe von Mitteleuropa erreicht. Sie sind t\u00f6dlich f\u00fcr Pflanzen, Tiere und Menschen. 2050 werden, wenn es so weitergeht, mehr Plastikteile als Fische in den Weltmeeren schwimmen.<\/p>\n<p>Da das &#8222;Plastik-Problem&#8220; immer dringlicher wird, gibt es recht viele Materialen dazu. Hier eine kleine Auswahl an Filmen:<\/p>\n<p>&#8211; \u00a0<a href=\"https:\/\/www.swissinfo.ch\/ger\/wirtschaft\/umweltverschmutzung_masken-und-latexhandschuhe---die-neue-oekologische-gefahr\/46067118\" target=\"_blank\" rel=\"noopener\">Masken und Handschuhe &#8211; die neue \u00f6kologische Gefahr<\/a> (swissinfo, 2.10.20)<\/p>\n<p>&#8211; \u00a0<a href=\"https:\/\/www.bund.net\/service\/publikationen\/detail\/publication\/plastikatlas-2019\/\" target=\"_blank\" rel=\"noopener noreferrer\">Plastikatlas 2019<\/a> (pdf-Datei &#8211; BUND)<\/p>\n<p>&#8211; \u00a0<a href=\"https:\/\/www.youtube.com\/watch?v=ETn_1yrHyvI\">M\u00fcllhalde Meer<\/a> (ARTE)<\/p>\n<p>&#8211; \u00a0<a title=\"ARTE\" href=\"http:\/\/www.youtube.com\/watch?v=wYPzHEZYrx0&amp;NR=1\" target=\"_blank\" rel=\"noopener noreferrer\">Eine Welt aus Plastik<\/a> (ARTE)<\/p>\n<p>&#8211; \u00a0Kurzfilm: <a href=\"https:\/\/www.youtube.com\/watch?v=ZlRhNLs1Mx0\" target=\"_blank\" rel=\"noopener noreferrer\">Plastik in der Umwelt<\/a>\u00a0(sehr anschaulich!)<\/p>\n<p>&#8211; \u00a0Kurzfilm: \u00a0<a href=\"https:\/\/www.youtube.com\/watch?v=eg-E1FtjaxY\" target=\"_blank\" rel=\"noopener noreferrer\">The Story of a Spoon<\/a><\/p>\n<p>&#8211; \u00a0Kurzfilm:\u00a0<a title=\"PlastikMeer\" href=\"https:\/\/www.youtube.com\/watch?v=Y9nO76qhQXk\" target=\"_blank\" rel=\"noopener noreferrer\">Plastik im Meer<\/a><\/p>\n<p>&#8211; \u00a0Jeremy-Irons-Film:<a title=\"trashedE\" href=\"http:\/\/www.trashedfilm.com\" target=\"_blank\" rel=\"noopener noreferrer\"> Trashed (engl. Trailer<\/a>, <a title=\"TrashedD\" href=\"https:\/\/www.youtube.com\/watch?v=UDXgT_0SQVs\" target=\"_blank\" rel=\"noopener noreferrer\">dt. Trailer<\/a>)<\/p>\n<p>&#8211; \u00a0<a href=\"https:\/\/www.youtube.com\/watch?v=VFu0nQbgtpc&amp;t=0s&amp;list=PL7DH_mkf6dLs2mUSR_ljYr2BFAXSh_zmz&amp;index=8\" target=\"_blank\" rel=\"noopener noreferrer\">Poetry Slam: Rita Apel: Mikroplastik<\/a> (YouTube)<\/p>\n<p>An dieser Stelle seien auch unsere <a title=\"JuFo\" href=\"http:\/\/www.gfs-umweltausschuss.de\/?p=1897\" target=\"_blank\" rel=\"noopener noreferrer\">Jugend-forscht-Gewinner 2012<\/a> genannt, die sich in diesem Bereich verdient gemacht haben.<\/p>\n<p>Thema Plastikt\u00fcten:<br \/>\nSch\u00e4tzungsweise werden in Deutschland 10.000 Plastikt\u00fcten verbraucht &#8230; pro Minute!!!<br \/>\nGute Vors\u00e4tze in der EU wurden bisher nicht umgesetzt.<\/p>\n<p>&nbsp;<\/p>\n<p><span style=\"color: #ff6600;\">Ideen, wie man M\u00fcll reduzieren kann:<\/span><\/p>\n<p>&#8211; \u00a0keine Einwegartikel wie Plastikt\u00fcten, Einwegflaschen, Einweggeschirr oder Pappbecher verwenden<\/p>\n<p>&#8211; \u00a0Qualit\u00e4t statt Quantit\u00e4t<\/p>\n<p>&#8211; \u00a0Recycling, Upcycling, Tauschaktionen, Second-Hand-Kleidung (weiterer Vorteil: Dort sind die Giftstoffe meist bereits ausgewaschen.)<\/p>\n<p>&#8211; \u00a0m\u00f6glichst Vermeidung von Plastik, da das nicht verrottet und oft Giftstoffe enth\u00e4lt<\/p>\n<p>&#8211; \u00a0beim Kauf achten auf Recyclingf\u00e4higkeit (z.B. Kunststoffe), Reparierbarkeit (z.B. Drucker), Wiederbef\u00fcllbarkeit (z.B. Druckerpatronen, Feuerzeuge, Hygieneprodukte), Waschbarkeit (z.B. Kleidung)<\/p>\n<p>&#8211; \u00a0auf Kosmetikartikel verzichten, die Mikroplastik enthalten (vgl. <a href=\"https:\/\/www.bund.net\/fileadmin\/user_upload_bund\/publikationen\/meere\/meere_mikroplastik_einkaufsfuehrer.pdf\" target=\"_blank\" rel=\"noopener noreferrer\">Einkaufsratgeber vom BUND<\/a>)<\/p>\n<p>&#8211; \u00a0Verpackungen reduzieren, auch z.B. bei Geschenkverpackungen<\/p>\n<p>&nbsp;<\/p>\n<p><span style=\"color: #ff6600;\">Und was kann man zus\u00e4tzlich an der Schule tun?<\/span><\/p>\n<p>&#8211; \u00a0den M\u00fcll, den man produziert, wieder mit nach Hause nehmen und dort mit entsprechender M\u00fclltrennung &#8222;entsorgen&#8220;<\/p>\n<p>&#8211; \u00a0Teilnahme an M\u00fcllsammelaktionen<\/p>\n<p>&#8211; \u00a0M\u00fcll vom Boden aufheben, auch wenn man ihn nicht selbst hingeworfen hat<\/p>\n<p>&#8211; \u00a0andere informieren<\/p>\n<p>&#8211; \u00a0nicht die Schuld auf andere schieben,\u00a0nicht sagen: &#8222;Ich kann ja eh nichts machen.&#8220;<\/p>\n","protected":false},"excerpt":{"rendered":"<p>Jede Sekunde (!) landen etwas 700 Kilogramm Plastikm\u00fcll in unseren Ozeanen (2018, EU-Kommision). Die sogenannten M\u00fcllstrudel in den Meeren haben mittlerweile die Gr\u00f6\u00dfe von Mitteleuropa erreicht. Sie sind t\u00f6dlich f\u00fcr Pflanzen, Tiere und Menschen. 2050 werden, wenn es so weitergeht, mehr Plastikteile als Fische in den Weltmeeren schwimmen. Da das &#8222;Plastik-Problem&#8220; immer dringlicher wird, gibt [&hellip;]<\/p>\n","protected":false},"author":3,"featured_media":0,"parent":0,"menu_order":0,"comment_status":"open","ping_status":"closed","template":"","meta":{"footnotes":""},"class_list":["post-1958","page","type-page","status-publish","hentry"],"_links":{"self":[{"href":"https:\/\/www.gfs-umweltausschuss.de\/index.php?rest_route=\/wp\/v2\/pages\/1958","targetHints":{"allow":["GET"]}}],"collection":[{"href":"https:\/\/www.gfs-umweltausschuss.de\/index.php?rest_route=\/wp\/v2\/pages"}],"about":[{"href":"https:\/\/www.gfs-umweltausschuss.de\/index.php?rest_route=\/wp\/v2\/types\/page"}],"author":[{"embeddable":true,"href":"https:\/\/www.gfs-umweltausschuss.de\/index.php?rest_route=\/wp\/v2\/users\/3"}],"replies":[{"embeddable":true,"href":"https:\/\/www.gfs-umweltausschuss.de\/index.php?rest_route=%2Fwp%2Fv2%2Fcomments&post=1958"}],"version-history":[{"count":51,"href":"https:\/\/www.gfs-umweltausschuss.de\/index.php?rest_route=\/wp\/v2\/pages\/1958\/revisions"}],"predecessor-version":[{"id":8725,"href":"https:\/\/www.gfs-umweltausschuss.de\/index.php?rest_route=\/wp\/v2\/pages\/1958\/revisions\/8725"}],"wp:attachment":[{"href":"https:\/\/www.gfs-umweltausschuss.de\/index.php?rest_route=%2Fwp%2Fv2%2Fmedia&parent=1958"}],"curies":[{"name":"wp","href":"https:\/\/api.w.org\/{rel}","templated":true}]}}