{"id":1969,"date":"2012-07-13T00:25:54","date_gmt":"2012-07-12T22:25:54","guid":{"rendered":"http:\/\/www.gfs-umweltausschuss.de\/?page_id=1969"},"modified":"2022-09-20T13:22:25","modified_gmt":"2022-09-20T11:22:25","slug":"thema-tierschutz","status":"publish","type":"page","link":"https:\/\/www.gfs-umweltausschuss.de\/?page_id=1969","title":{"rendered":"Thema &#8222;Tierschutz&#8220;"},"content":{"rendered":"<p>&nbsp;<\/p>\n<p><strong>&#8222;Nicht jeder ist in der Position, Tieren zu helfen. Aber jeder ist in der Position, ihnen nicht zu schaden.&#8220;<\/strong><\/p>\n<p>&nbsp;<\/p>\n<p><strong>\u201eWo immer ein Tier in den Dienst des Menschen gezwungen wird, gehen die Leiden, die es erduldet, uns alle an.&#8220; <\/strong>(Albert Schweitzer)<\/p>\n<p>&nbsp;<\/p>\n<p><strong>\u201eDem Tier gegen\u00fcber sind heute alle V\u00f6lker mehr oder weniger Barbaren. Es ist unwahr und grotesk, wenn sie ihre vermeintlich hohe Kultur bei jeder Gelegenheit betonen und dabei tagt\u00e4glich die scheu\u00dflichsten Grausamkeiten an Millionen von wehrlosen Gesch\u00f6pfen begehen oder doch gleichg\u00fcltig zulassen.&#8220; <\/strong>(Alexander von Humboldt)<\/p>\n<p>&nbsp;<\/p>\n<p><strong>\u201eTierschutz ist Erziehung zur Menschlichkeit.&#8220; <\/strong>(Albert Schweitzer)<\/p>\n<p>&nbsp;<\/p>\n<p><strong>\u201eEine der blamabelsten Angelegenheiten der menschlichen Entwicklung ist es, dass das Wort &#8218;Tierschutz&#8216; \u00fcberhaupt geschaffen werden musste.&#8220; <\/strong>(Theodor Heuss)<\/p>\n<p>&nbsp;<\/p>\n<p><strong>\u201eDie Grausamkeit gegen Tiere und auch die Teilnahmslosigkeit gegen\u00fcber ihrem Leiden ist eine der schwersten S\u00fcnden der Menschen. Wenn der Mensch so viel <\/strong><strong>Leiden schafft, welches Recht hat er dann, sich zu beklagen, wenn er selbst leidet?&#8220;<\/strong><\/p>\n<p>&nbsp;<\/p>\n<p><strong>\u201eHeute sehen wir nichts mehr vom qualvollen Leben und Sterben des Schlachtviehs. Das geht automatisch vor sich. Eben noch ein Tier, im n\u00e4chsten Augenblick schon zerteiltes Fleisch: unsre Nahrung.&#8220;<\/strong> (Luise Rinser)<\/p>\n<p>&nbsp;<\/p>\n<p><strong>\u201eWenn die Mauern der Schlachth\u00f6fe aus Glas w\u00e4ren, w\u00fcrde jeder Vegetarier sein.&#8220;<\/strong> (Paul McCartney)<\/p>\n<p>&nbsp;<\/p>\n<p><strong>\u201eSolange es Schlachth\u00e4user gibt, wird es auch Schlachtfelder geben.&#8220;<\/strong> (Leo Tolstoi)<\/p>\n<p>&nbsp;<\/p>\n<p><strong>\u201eDie Gr\u00f6\u00dfe und den moralischen Fortschritt einer Nation kann man daran messen, wie sie die Tiere behandelt.&#8220;<\/strong> (Mahatma Gandhi)<\/p>\n<p>&nbsp;<\/p>\n<p><strong>\u201eTiere k\u00f6nnen nicht f\u00fcr sich selbst sprechen. Deshalb ist es so wichtig, dass wir als Menschen unsere Stimme f\u00fcr sie erheben und uns f\u00fcr sie einsetzen.&#8220; <\/strong>(Gillian Anderson)<\/p>\n<p>&nbsp;<\/p>\n<p><strong>\u201eDer Vergleich zwischen Tier-KZs und Menschen-KZs stammt nicht von rabiaten Tiersch\u00fctzern, sondern von jenen, die in und unter den Konzentrationslagern der Nationalsozialisten am meisten gelitten haben: von Juden. So schrieb der Nobelpreistr\u00e4ger Isaac Bashevis Singer: &#8222;Wo es um Tiere geht, wird jeder zum Nazi &#8230; F\u00fcr die Tiere ist jeden Tag Treblinka.&#8220;<\/strong><\/p>\n<p>&nbsp;<\/p>\n<p><strong>\u201eWenn der Mensch die Tiere, denen er sich als Nahrung bedient, selbst t\u00f6ten m\u00fcsste, w\u00fcrde die Anzahl der Pflanzenesser ins Ungemessene steigen.&#8220; <\/strong>(Christian Morgenstern)<\/p>\n<p>&nbsp;<\/p>\n<p><strong>\u201eWir leben in einer absonderlichen Zeit, in der Menschen, die in ihrer Nahrungsauswahl gesundheitsbewusst und mitf\u00fchlend sind, oft als verr\u00fcckt bezeichnet werden, w\u00e4hrend man andere als normal betrachtet, deren Nahrungsgewohnheiten Krankheiten und immense Leiden hervorrufen.&#8220; <\/strong>(John Robbins)<\/p>\n<p>&nbsp;<\/p>\n<p><strong>If we accept a mere tenth of what animal-rights activists are claiming, then modern industrial agriculture might well be the greatest crime in history.<\/strong> (Yuval Noah Harari)<\/p>\n<p>&nbsp;<\/p>\n<p>&#8230;&#8230;&#8230;&#8230;&#8230;&#8230;&#8230;&#8230;&#8230;&#8230;&#8230;&#8230;&#8230;&#8230;&#8230;&#8230;&#8230;&#8230;&#8230;&#8230;&#8230;&#8230;&#8230;&#8230;&#8230;&#8230;.<\/p>\n<p>&nbsp;<\/p>\n<p>&#8230; und zum Aspekt &#8218;Tierschutz = Menschenschutz&#8216;:<\/p>\n<p><strong>&#8222;Fleischreiche Ern\u00e4hrung tr\u00e4gt zu den h\u00e4ufigsten Todesursachen bei, n\u00e4mlich Herzkrankheiten, Schlaganf\u00e4llen und bestimmten Krebsarten.&#8220; <\/strong>(World Watch Institute)<\/p>\n<p><strong>&#8222;Gerade bei Dickdarmkrebs und hormonabh\u00e4ngigen Tumoren (Brustkrebs, Prostatakrebs) liegt die Ursache oft darin, dass anstelle von Faserstoffen zuviel Fett eingenommen wird.&#8220;<\/strong> (Schweizer Krebsliga)<\/p>\n<p><strong>&#8222;Fettreiche Ern\u00e4hrung ist nach dem Rauchen die zweith\u00e4ufigste Todesursache in den USA.&#8220; <\/strong>(moviemaze in der Filmkritik zum Film &#8222;Supersize me&#8220;)<\/p>\n<p>&nbsp;<\/p>\n<p>&#8230;&#8230;&#8230;&#8230;&#8230;&#8230;&#8230;&#8230;&#8230;&#8230;&#8230;&#8230;&#8230;&#8230;&#8230;&#8230;&#8230;&#8230;&#8230;&#8230;&#8230;&#8230;&#8230;&#8230;&#8230;&#8230;.<\/p>\n<p>Hier einige links:<\/p>\n<p>&#8211; \u00a0<a href=\"https:\/\/www.youtube.com\/watch?v=7Ux2AsrYI8Q\" target=\"_blank\" rel=\"noopener\">\u00dcberf\u00fcllte Tierheime<\/a> (2022)<\/p>\n<p>&#8211; \u00a0<a href=\"https:\/\/albert-schweitzer-stiftung.de\/aktuell\/schlachtzahlen-2020?utm_source=nl21-04&amp;utm_medium=email&amp;utm_campaign=w-nl\" target=\"_blank\" rel=\"noopener\">Schlachtzahlen 2020<\/a> (Albert-Schweitzer-Stiftung)<\/p>\n<p>&#8211; \u00a0<a href=\"https:\/\/daserste.ndr.de\/panorama\/aktuell\/Tierschutz-Bilanz-2017-Mehr-versprochen-als-gehalten-,tierschutz408.html\" target=\"_blank\" rel=\"noopener noreferrer\">Tierschutzbilanz 2017: \u00a0Mehr versprochen als gehalten<\/a> (ARD Panorama)<\/p>\n<p>&#8211; \u00a0<a title=\"AS\" href=\"http:\/\/albert-schweitzer-stiftung.de\/aktuell\/deutsche-essen-uber-12-milliarden-tiere-pro-jahr\" target=\"_blank\" rel=\"noopener noreferrer\">Deutsche essen 12 Milliarden Tiere pro Jahr<\/a> (Albert-Schweitzer-Stiftung)<\/p>\n<p>&#8211; \u00a0<a href=\"http:\/\/www.ardmediathek.de\/tv\/Hart-aber-fair\/Hart-aber-fair-Das-elende-Leben-der-St\/Das-Erste\/Video?bcastId=561146&amp;documentId=32869818\">Das elende Leben der Steaks<\/a>\u00a0(ARD)<\/p>\n<p>&#8211; \u00a0<a title=\"Seele\" href=\"http:\/\/cdn-storage.br.de\/MUJIuUOVBwQIbtChb6OHu7ODifWH_-b6\/_-iS\/_A8c_-vP\/150128_0905_radioWissen_Haben-Tiere-eine-Seele---Religionen-als-Anw.mp3\" target=\"_blank\" rel=\"noopener noreferrer\">Haben Tiere eine Seele?<\/a> (RadioWissen)<\/p>\n<p>&#8211; \u00a0<a href=\"https:\/\/albert-schweitzer-stiftung.de\/aktuell\/greenpeace-schweinehaltung-illegal#utm_source=nl17-19-20&amp;utm_medium=email&amp;utm_campaign=w-nl\">Greenpeace-Studie zur Schweinehaltung<\/a> (Albert-Schweitzer-Stiftung)<\/p>\n<p>&#8211; \u00a0Thema <a title=\"Ueberfischung\" href=\"http:\/\/www.sueddeutsche.de\/wissen\/ueberfischung-der-meere-animiert-zum-umweltschutz-1.1168301\" target=\"_blank\" rel=\"noopener noreferrer\">\u00dcberfischung<\/a> (S\u00fcddeutsche)<\/p>\n<p>Filme (nur f\u00fcr Hartgesottene!): \u00a0<a title=\"FoodInc\" href=\"http:\/\/www.moviemaze.de\/filme\/2992\/food-inc.html\" target=\"_blank\" rel=\"noopener noreferrer\">Food Inc.<\/a>,<a title=\"Fast Food Nation\" href=\"http:\/\/de.wikipedia.org\/wiki\/Fast_Food_Nation\" target=\"_blank\" rel=\"noopener noreferrer\"> Fast Food Nation<\/a><\/p>\n<p>&nbsp;<\/p>\n<p>&nbsp;<\/p>\n","protected":false},"excerpt":{"rendered":"<p>&nbsp; &#8222;Nicht jeder ist in der Position, Tieren zu helfen. Aber jeder ist in der Position, ihnen nicht zu schaden.&#8220; &nbsp; \u201eWo immer ein Tier in den Dienst des Menschen gezwungen wird, gehen die Leiden, die es erduldet, uns alle an.&#8220; (Albert Schweitzer) &nbsp; \u201eDem Tier gegen\u00fcber sind heute alle V\u00f6lker mehr oder weniger Barbaren. [&hellip;]<\/p>\n","protected":false},"author":3,"featured_media":0,"parent":0,"menu_order":0,"comment_status":"open","ping_status":"closed","template":"","meta":{"footnotes":""},"class_list":["post-1969","page","type-page","status-publish","hentry"],"_links":{"self":[{"href":"https:\/\/www.gfs-umweltausschuss.de\/index.php?rest_route=\/wp\/v2\/pages\/1969","targetHints":{"allow":["GET"]}}],"collection":[{"href":"https:\/\/www.gfs-umweltausschuss.de\/index.php?rest_route=\/wp\/v2\/pages"}],"about":[{"href":"https:\/\/www.gfs-umweltausschuss.de\/index.php?rest_route=\/wp\/v2\/types\/page"}],"author":[{"embeddable":true,"href":"https:\/\/www.gfs-umweltausschuss.de\/index.php?rest_route=\/wp\/v2\/users\/3"}],"replies":[{"embeddable":true,"href":"https:\/\/www.gfs-umweltausschuss.de\/index.php?rest_route=%2Fwp%2Fv2%2Fcomments&post=1969"}],"version-history":[{"count":52,"href":"https:\/\/www.gfs-umweltausschuss.de\/index.php?rest_route=\/wp\/v2\/pages\/1969\/revisions"}],"predecessor-version":[{"id":9566,"href":"https:\/\/www.gfs-umweltausschuss.de\/index.php?rest_route=\/wp\/v2\/pages\/1969\/revisions\/9566"}],"wp:attachment":[{"href":"https:\/\/www.gfs-umweltausschuss.de\/index.php?rest_route=%2Fwp%2Fv2%2Fmedia&parent=1969"}],"curies":[{"name":"wp","href":"https:\/\/api.w.org\/{rel}","templated":true}]}}